{"id":10,"date":"2016-02-03T18:36:27","date_gmt":"2016-02-03T17:36:27","guid":{"rendered":"https:\/\/www.poussedeterre.fr\/bilanetcie\/?page_id=10"},"modified":"2016-02-03T22:26:55","modified_gmt":"2016-02-03T21:26:55","slug":"bilan-cie","status":"publish","type":"page","link":"https:\/\/www.poussedeterre.fr\/bilanetcie\/bilan-cie\/","title":{"rendered":"Bilan &#038; Cie"},"content":{"rendered":"<p style=\"text-align: center;\"><strong> Nouveaux ou futurs paysans, responsables associatifs&#8230;<\/strong><\/p>\n<p style=\"text-align: center;\"><strong>vous n&rsquo;avez pas assez de bras <\/strong><\/p>\n<p style=\"text-align: center;\"><strong>et il vous faudrait encore plusieurs t\u00eates ?<\/strong><\/p>\n<p>Bilan et Cie vous \u00e9paule pour pr\u00e9parer votre installation, animer, organiser, compter&#8230; et m\u00eame conter ou \u00e9crire.<\/p>\n<p><a href=\"https:\/\/www.poussedeterre.fr\/bilanetcie\/wp-content\/uploads\/sites\/5\/2016\/02\/BilanCie.png\"><img loading=\"lazy\" class=\"aligncenter  wp-image-62\" src=\"https:\/\/www.poussedeterre.fr\/bilanetcie\/wp-content\/uploads\/sites\/5\/2016\/02\/BilanCie.png\" alt=\"Bilan&amp;Cie\" width=\"488\" height=\"345\" srcset=\"https:\/\/www.poussedeterre.fr\/bilanetcie\/wp-content\/uploads\/sites\/5\/2016\/02\/BilanCie.png 793w, https:\/\/www.poussedeterre.fr\/bilanetcie\/wp-content\/uploads\/sites\/5\/2016\/02\/BilanCie-300x212.png 300w\" sizes=\"(max-width: 488px) 100vw, 488px\" \/><\/a><\/p>\n<p>Bilan &amp; Cie, accompagnement et formation :<\/p>\n<p><a href=\"https:\/\/www.poussedeterre.fr\/bilanetcie\/wp-content\/uploads\/sites\/5\/2016\/02\/Plaquette_BilanCompagnie.pdf\">Plaquette_BilanCompagnie<\/a><\/p>\n","protected":false},"excerpt":{"rendered":"<p>Nouveaux ou futurs paysans, responsables associatifs&#8230; vous n&rsquo;avez pas assez de bras et il vous faudrait encore plusieurs t\u00eates ? Bilan et Cie vous \u00e9paule pour pr\u00e9parer votre installation, animer, organiser, compter&#8230; et m\u00eame conter ou \u00e9crire. Bilan &amp; Cie, accompagnement et formation : Plaquette_BilanCompagnie<\/p>\n","protected":false},"author":1,"featured_media":0,"parent":0,"menu_order":0,"comment_status":"open","ping_status":"open","template":"","meta":[],"_links":{"self":[{"href":"https:\/\/www.poussedeterre.fr\/bilanetcie\/wp-json\/wp\/v2\/pages\/10"}],"collection":[{"href":"https:\/\/www.poussedeterre.fr\/bilanetcie\/wp-json\/wp\/v2\/pages"}],"about":[{"href":"https:\/\/www.poussedeterre.fr\/bilanetcie\/wp-json\/wp\/v2\/types\/page"}],"author":[{"embeddable":true,"href":"https:\/\/www.poussedeterre.fr\/bilanetcie\/wp-json\/wp\/v2\/users\/1"}],"replies":[{"embeddable":true,"href":"https:\/\/www.poussedeterre.fr\/bilanetcie\/wp-json\/wp\/v2\/comments?post=10"}],"version-history":[{"count":3,"href":"https:\/\/www.poussedeterre.fr\/bilanetcie\/wp-json\/wp\/v2\/pages\/10\/revisions"}],"predecessor-version":[{"id":63,"href":"https:\/\/www.poussedeterre.fr\/bilanetcie\/wp-json\/wp\/v2\/pages\/10\/revisions\/63"}],"wp:attachment":[{"href":"https:\/\/www.poussedeterre.fr\/bilanetcie\/wp-json\/wp\/v2\/media?parent=10"}],"curies":[{"name":"wp","href":"https:\/\/api.w.org\/{rel}","templated":true}]}}