{"id":12,"date":"2016-02-03T18:37:07","date_gmt":"2016-02-03T17:37:07","guid":{"rendered":"https:\/\/www.poussedeterre.fr\/bilanetcie\/?page_id=12"},"modified":"2016-02-03T18:37:07","modified_gmt":"2016-02-03T17:37:07","slug":"liste-de-diffusion","status":"publish","type":"page","link":"https:\/\/www.poussedeterre.fr\/bilanetcie\/liste-de-diffusion\/","title":{"rendered":"Liste de diffusion"},"content":{"rendered":"<p>Une liste de diffusion est cr\u00e9\u00e9e pour faire circuler des informations en lien avec l&rsquo;agriculture, l&rsquo;installation, les circuits courts&#8230; informations locales ou plus larges.<\/p>\n<p>Vous pouvez vous inscrire pour recevoir les messages et contribuer \u00e0 la diffusion des informations.<\/p>\n<p>Vous pouvez vous d\u00e9sinscrire \u00e0 tout moment.<\/p>\n<p>La liste est mod\u00e9r\u00e9e. Les inscriptions et les messages doivent \u00eatre valid\u00e9s par le mod\u00e9rateur, soit, actuellement, l&rsquo;auteur de ce site.<\/p>\n<pre>Pour vous inscrire a la liste de diffusion liste_bilan_et_cie, envoyez un message a :\r\n   <a class=\"moz-txt-link-rfc2396E\" href=\"mailto:liste_bilan_et_cie-subscribe@poussedeterre.fr\">&lt;liste_bilan_et_cie-subscribe@poussedeterre.fr&gt;<\/a>\r\nPuis confirmez votre inscription en r\u00e9pondant au message re\u00e7u (reply suffit).\r\nVous recevrez un message de confirmation quand le mod\u00e9rateur aura valid\u00e9 votre inscription.<\/pre>\n","protected":false},"excerpt":{"rendered":"<p>Une liste de diffusion est cr\u00e9\u00e9e pour faire circuler des informations en lien avec l&rsquo;agriculture, l&rsquo;installation, les circuits courts&#8230; informations locales ou plus larges. Vous pouvez vous inscrire pour recevoir les messages et contribuer \u00e0 la diffusion des informations. Vous pouvez vous d\u00e9sinscrire \u00e0 tout moment. La liste est mod\u00e9r\u00e9e. Les inscriptions et les messages [&hellip;]<\/p>\n","protected":false},"author":1,"featured_media":0,"parent":0,"menu_order":0,"comment_status":"open","ping_status":"open","template":"","meta":[],"_links":{"self":[{"href":"https:\/\/www.poussedeterre.fr\/bilanetcie\/wp-json\/wp\/v2\/pages\/12"}],"collection":[{"href":"https:\/\/www.poussedeterre.fr\/bilanetcie\/wp-json\/wp\/v2\/pages"}],"about":[{"href":"https:\/\/www.poussedeterre.fr\/bilanetcie\/wp-json\/wp\/v2\/types\/page"}],"author":[{"embeddable":true,"href":"https:\/\/www.poussedeterre.fr\/bilanetcie\/wp-json\/wp\/v2\/users\/1"}],"replies":[{"embeddable":true,"href":"https:\/\/www.poussedeterre.fr\/bilanetcie\/wp-json\/wp\/v2\/comments?post=12"}],"version-history":[{"count":1,"href":"https:\/\/www.poussedeterre.fr\/bilanetcie\/wp-json\/wp\/v2\/pages\/12\/revisions"}],"predecessor-version":[{"id":13,"href":"https:\/\/www.poussedeterre.fr\/bilanetcie\/wp-json\/wp\/v2\/pages\/12\/revisions\/13"}],"wp:attachment":[{"href":"https:\/\/www.poussedeterre.fr\/bilanetcie\/wp-json\/wp\/v2\/media?parent=12"}],"curies":[{"name":"wp","href":"https:\/\/api.w.org\/{rel}","templated":true}]}}