{"id":14,"date":"2016-02-03T18:37:54","date_gmt":"2016-02-03T17:37:54","guid":{"rendered":"https:\/\/www.poussedeterre.fr\/bilanetcie\/?page_id=14"},"modified":"2016-05-19T21:50:20","modified_gmt":"2016-05-19T20:50:20","slug":"liens","status":"publish","type":"page","link":"https:\/\/www.poussedeterre.fr\/bilanetcie\/liens\/","title":{"rendered":"Liens"},"content":{"rendered":"<p>Les r\u00e9seaux dans lesquels on se retrouve, les coups de coeur&#8230;<\/p>\n<p><strong><em>Agricoles &amp; Co<\/em><\/strong><\/p>\n<p><a title=\"je m'installe paysan\" href=\"http:\/\/www.jeminstallepaysan.org\/\" target=\"_blank\">Je m&rsquo;installe paysan<\/a> &#8211; Dont une riche base de donn\u00e9e avec beaucoup de t\u00e9moignages et autres documents.<\/p>\n<p><a title=\"Agriculture Paysanne\" href=\"http:\/\/www.agriculturepaysanne.org\/\" target=\"_blank\">Agriculture Paysanne<\/a><\/p>\n<p><a title=\"Conf\u00e9d\u00e9ration Paysanne\" href=\"http:\/\/www.confederationpaysanne.fr\/\" target=\"_blank\">Conf\u00e9d\u00e9ration Paysanne<\/a><\/p>\n<p>&nbsp;<\/p>\n<p><a title=\"CIVAM\" href=\"http:\/\/www.civam.org\/\" target=\"_blank\">FNCIVAM<\/a> &#8211; Un r\u00e9seau riche de diversit\u00e9 : agriculture durable, bio, \u00e9nergie, production fermi\u00e8re, projets collectifs, appui \u00e0 l&rsquo;installation, circuits courts, accueil&#8230;<\/p>\n<p><a title=\"Inter AFOCG\" href=\"http:\/\/www.interafocg.org\/\" target=\"_blank\">Inter AFOCG<\/a> &#8211; Se former \u00e0 la compta-gestion pour \u00eatre autonome dans ses d\u00e9cisions. Travailler en groupe.<\/p>\n<p><a title=\"Terre de Liens\" href=\"http:\/\/www.terredeliens.org\/\">Terre de Liens<\/a> &#8211; Sensibilisation aux questions de foncier agricole et financement solidaire de foncier.<\/p>\n<p><a title=\"Atelier Paysan\" href=\"http:\/\/www.latelierpaysan.org\/\" target=\"_blank\">L&rsquo;Atelier Paysan <\/a>&#8211; Auto-construire son mat\u00e9riel : une SCIC cr\u00e9\u00e9e \u00e0 l&rsquo;initiative d&rsquo;ADABIO et des formations qui essaiment partout en France.<\/p>\n<p><a href=\"http:\/\/lagraineetlepotager.fr\/\" target=\"_blank\">La Graine et le Potager<\/a> &#8211; Echanges de semences, formation&#8230;<\/p>\n<p><a title=\"Semences Paysannes\" href=\"http:\/\/www.semencespaysannes.org\/\" target=\"_blank\">R\u00e9seau Semences Paysannes<\/a><\/p>\n<p><a title=\"Miramap\" href=\"http:\/\/miramap.org\/\" target=\"_blank\">MIRAMAP<\/a> &#8211; R\u00e9seau des AMAP<\/p>\n<p><a title=\"FNAB\" href=\"http:\/\/www.fnab.org\/\" target=\"_blank\">F\u00e9d\u00e9ration Nationale d&rsquo;Agriculture Biologique<\/a><\/p>\n<p><a title=\"Terre et Humanisme\" href=\"http:\/\/terre-humanisme.org\/\" target=\"_blank\">Terre et Humanisme<\/a><\/p>\n<p><em><strong>Financement solidaire<\/strong><\/em><\/p>\n<p><a title=\"cigales\" href=\"http:\/\/cigales.asso.fr\" target=\"_blank\">CIGALES<\/a> &#8211; Elles peuvent participer au financement d&rsquo;EARL. Un (autre) moyen de constituer un r\u00e9seau de soutien.<\/p>\n<p><em><strong>C\u00f4t\u00e9 femmes<\/strong><\/em><\/p>\n<p><a title=\"Actrices Nivernaises\" href=\"http:\/\/lesactrices58.blogspot.fr\/\" target=\"_blank\">Actrices Nivernaises <\/a>&#8211; Femmes de l&rsquo;agriculture et du rural dans la Ni\u00e8vre. Pour sortir de l&rsquo;isolement, s&rsquo;entraider, se former, rencontrer&#8230;<\/p>\n<p><em><strong>C\u00f4t\u00e9 po\u00e9sie<\/strong><\/em><\/p>\n<p><a title=\"Ginette\" href=\"http:\/\/editionlamam.blogspot.fr\/\" target=\"_blank\">Ginette<\/a> aux \u00e9ditions la Mare \u00e0 Mite &#8211; Des tendresses comme dans un moulin&#8230;<\/p>\n<p><em><strong>Cr\u00e9ation graphique<\/strong><\/em><\/p>\n<p><a title=\"La Moujik\" href=\"http:\/\/www.lamoujik.fr\/identites-graphiques-logos\/\" target=\"_blank\">La Moujik<\/a> &#8211; Cr\u00e9ation de plaquettes, affiches, \u00e9tiquettes, sites web&#8230; Pour petites fermes et autres structures rurales<\/p>\n<p><em><strong>Pour aller un peu plus loin<br \/>\n<\/strong><\/em><\/p>\n<p><a href=\"http:\/\/forumsocialnivernais.hautetfort.com\" target=\"_blank\">Forum social nivernais<\/a><\/p>\n<p><a href=\"https:\/\/www.poussedeterre.fr\/moutonzebre\/\" target=\"_blank\">Le Mouton Z\u00e9br\u00e9<\/a><\/p>\n<p>&nbsp;<\/p>\n<p>&nbsp;<\/p>\n<p>&nbsp;<\/p>\n<p>&nbsp;<\/p>\n","protected":false},"excerpt":{"rendered":"<p>Les r\u00e9seaux dans lesquels on se retrouve, les coups de coeur&#8230; Agricoles &amp; Co Je m&rsquo;installe paysan &#8211; Dont une riche base de donn\u00e9e avec beaucoup de t\u00e9moignages et autres documents. Agriculture Paysanne Conf\u00e9d\u00e9ration Paysanne &nbsp; FNCIVAM &#8211; Un r\u00e9seau riche de diversit\u00e9 : agriculture durable, bio, \u00e9nergie, production fermi\u00e8re, projets collectifs, appui \u00e0 l&rsquo;installation, [&hellip;]<\/p>\n","protected":false},"author":1,"featured_media":0,"parent":0,"menu_order":0,"comment_status":"open","ping_status":"open","template":"","meta":[],"_links":{"self":[{"href":"https:\/\/www.poussedeterre.fr\/bilanetcie\/wp-json\/wp\/v2\/pages\/14"}],"collection":[{"href":"https:\/\/www.poussedeterre.fr\/bilanetcie\/wp-json\/wp\/v2\/pages"}],"about":[{"href":"https:\/\/www.poussedeterre.fr\/bilanetcie\/wp-json\/wp\/v2\/types\/page"}],"author":[{"embeddable":true,"href":"https:\/\/www.poussedeterre.fr\/bilanetcie\/wp-json\/wp\/v2\/users\/1"}],"replies":[{"embeddable":true,"href":"https:\/\/www.poussedeterre.fr\/bilanetcie\/wp-json\/wp\/v2\/comments?post=14"}],"version-history":[{"count":3,"href":"https:\/\/www.poussedeterre.fr\/bilanetcie\/wp-json\/wp\/v2\/pages\/14\/revisions"}],"predecessor-version":[{"id":126,"href":"https:\/\/www.poussedeterre.fr\/bilanetcie\/wp-json\/wp\/v2\/pages\/14\/revisions\/126"}],"wp:attachment":[{"href":"https:\/\/www.poussedeterre.fr\/bilanetcie\/wp-json\/wp\/v2\/media?parent=14"}],"curies":[{"name":"wp","href":"https:\/\/api.w.org\/{rel}","templated":true}]}}