{"id":18,"date":"2016-02-03T18:42:21","date_gmt":"2016-02-03T17:42:21","guid":{"rendered":"https:\/\/www.poussedeterre.fr\/bilanetcie\/?page_id=18"},"modified":"2016-02-25T21:16:28","modified_gmt":"2016-02-25T20:16:28","slug":"videos","status":"publish","type":"page","link":"https:\/\/www.poussedeterre.fr\/bilanetcie\/videos\/","title":{"rendered":"Vid\u00e9os"},"content":{"rendered":"<p><strong>Cultivez local<\/strong> : un DVD cr\u00e9\u00e9 par l&rsquo;ARDEAR Rh\u00f4ne-Alpes<br \/>\n5 initiatives collectives pour produire et consommer autrement :<br \/>\n&#8211; Mes Voisins de Paniers (Is\u00e8re)<br \/>\n&#8211; Le restaurant scolaire de St Martin en Haut (Rh\u00f4ne)<br \/>\n&#8211; La Carline (Dr\u00f4me)<br \/>\n&#8211; La Fromagerie Bio du Maine (Mayenne)<br \/>\n&#8211; L&rsquo;abattoir-d\u00e9coupe de La M\u00fbre (Is\u00e8re)<\/p>\n<p><em>La bande-annonce et toutes les infos sont sur la page: <\/em> <a href=\"http:\/\/www.agriculturepaysanne.org\/cultivezlocal\" target=\"_blank\">www.agriculturepaysanne.org\/cultivezlocal.<\/a><\/p>\n<p><strong><a title=\"www.lespaysansontdelavenir.fr\" href=\"http:\/\/lespaysansontdelavenir.fr\/\" target=\"_blank\">Les paysans ont de l&rsquo;avenir<\/a><\/strong><br \/>\nSous le feu des projecteurs avec l\u2019implantation de l\u2019usine des 1000 vaches, l\u2019agriculture en Picardie se r\u00e9duit-elle \u00e0 des fermes g\u00e9antes ? Non, bien \u00e9videmment. Avec le web-documentaire \u00ab Les paysans ont de l\u2019avenir \u00bb, deux r\u00e9alisateurs montrent un autre visage de la r\u00e9gion. Des femmes et des hommes parlent de leur m\u00e9tier et de leurs vies : les liens humains, l\u2019agriculture paysanne et leurs engagements.<\/p>\n<p id=\"eow-description\"><strong class=\"watch-time-text\">Une vid\u00e9o de Terre de Liens :<\/strong><a href=\"https:\/\/www.youtube.com\/watch?v=xg1-F2fam9w\" target=\"_blank\"><strong> entretien avec Jean-Luc Malpaux <\/strong><\/a>\u00c9volution historique de l&rsquo;identit\u00e9 paysanne et du rapport \u00e0 la terre de la R\u00e9volution \u00e0 nos jours<\/p>\n<div id=\"watch-description-text\" class=\"\">\n<p><strong><a href=\"https:\/\/www.youtube.com\/watch?v=Qo0YAVyCeJI\" target=\"_blank\">Il se passe quelque chose dans le monde paysan<\/a><\/strong> CIAP 44 et stage paysan cr\u00e9atif, chambre d&rsquo;agriculture alternative du Pays Basque etc. \u00ab\u00a0[&#8230;] ces acteurs nous montrent et nous d\u00e9montrent qu&rsquo;on peut faire autrement, voire qu&rsquo;il faut faire autrement.<br \/>\nAu c\u0153ur de leur d\u00e9marche, une volont\u00e9 prime : avoir un m\u00e9tier qui a du sens.\u00a0\u00bb<\/p>\n<p>La place des femmes dans l&rsquo;agriculture : <strong><a href=\"http:\/\/rencontrepaysanne.org\/\" target=\"_blank\">Rencontre Paysanne<\/a><\/strong>, des enqu\u00eates r\u00e9alis\u00e9es par les CIVAM de l&rsquo;Ard\u00e8che et de la Dr\u00f4me.<\/p>\n<p>Paysannes, t\u00e9moignages de femmes en Haute Garonne : <strong><a href=\"https:\/\/vimeo.com\/105136558\" target=\"_blank\">Bande annonce<\/a><\/strong>. A commander \u00e0 la <a href=\"http:\/\/www.civam31.org\/\" target=\"_blank\">FD CIVAM<\/a> 31.<\/p>\n<p><em><strong>En plus l\u00e9ger<\/strong><\/em><\/p>\n<p>Une <strong><a href=\"https:\/\/vimeo.com\/90947931\" target=\"_blank\">pr\u00e9sentation de l&rsquo;agriculture paysanne<\/a><\/strong> \u00e0 l&rsquo;occasion de la campagne \u00ab\u00a0Envie de Paysans\u00a0\u00bb<\/p>\n<p>Devenu un classique toujours (plus) d&rsquo;actualit\u00e9 : <strong><a href=\"https:\/\/vimeo.com\/5629970\" target=\"_blank\">Copier-cloner<\/a><\/strong><\/p>\n<p><strong><a href=\"https:\/\/vimeo.com\/69619032\" target=\"_blank\">Nature paysanne<\/a><\/strong><\/p>\n<\/div>\n","protected":false},"excerpt":{"rendered":"<p>Cultivez local : un DVD cr\u00e9\u00e9 par l&rsquo;ARDEAR Rh\u00f4ne-Alpes 5 initiatives collectives pour produire et consommer autrement : &#8211; Mes Voisins de Paniers (Is\u00e8re) &#8211; Le restaurant scolaire de St Martin en Haut (Rh\u00f4ne) &#8211; La Carline (Dr\u00f4me) &#8211; La Fromagerie Bio du Maine (Mayenne) &#8211; L&rsquo;abattoir-d\u00e9coupe de La M\u00fbre (Is\u00e8re) La bande-annonce et toutes [&hellip;]<\/p>\n","protected":false},"author":1,"featured_media":0,"parent":0,"menu_order":0,"comment_status":"open","ping_status":"open","template":"","meta":[],"_links":{"self":[{"href":"https:\/\/www.poussedeterre.fr\/bilanetcie\/wp-json\/wp\/v2\/pages\/18"}],"collection":[{"href":"https:\/\/www.poussedeterre.fr\/bilanetcie\/wp-json\/wp\/v2\/pages"}],"about":[{"href":"https:\/\/www.poussedeterre.fr\/bilanetcie\/wp-json\/wp\/v2\/types\/page"}],"author":[{"embeddable":true,"href":"https:\/\/www.poussedeterre.fr\/bilanetcie\/wp-json\/wp\/v2\/users\/1"}],"replies":[{"embeddable":true,"href":"https:\/\/www.poussedeterre.fr\/bilanetcie\/wp-json\/wp\/v2\/comments?post=18"}],"version-history":[{"count":3,"href":"https:\/\/www.poussedeterre.fr\/bilanetcie\/wp-json\/wp\/v2\/pages\/18\/revisions"}],"predecessor-version":[{"id":93,"href":"https:\/\/www.poussedeterre.fr\/bilanetcie\/wp-json\/wp\/v2\/pages\/18\/revisions\/93"}],"wp:attachment":[{"href":"https:\/\/www.poussedeterre.fr\/bilanetcie\/wp-json\/wp\/v2\/media?parent=18"}],"curies":[{"name":"wp","href":"https:\/\/api.w.org\/{rel}","templated":true}]}}